{"id":2088,"date":"2022-07-21T03:54:06","date_gmt":"2022-07-21T03:54:06","guid":{"rendered":"https:\/\/casajacinto.es\/historia\/"},"modified":"2023-06-02T09:18:06","modified_gmt":"2023-06-02T09:18:06","slug":"historia","status":"publish","type":"page","link":"https:\/\/casajacinto.es\/ca\/historia\/","title":{"rendered":"Historia"},"content":{"rendered":"\t\t<div data-elementor-type=\"wp-page\" data-elementor-id=\"2088\" class=\"elementor elementor-2088 elementor-1300\">\n\t\t\t\t\t\t\t\t\t<section class=\"elementor-section elementor-top-section elementor-element elementor-element-f7a92a5 pt-section-content-fullwidth pt-parallax-on-scroll pt_scroll_y_180 elementor-section-boxed elementor-section-height-default elementor-section-height-default\" data-id=\"f7a92a5\" data-element_type=\"section\" data-settings=\"{&quot;background_background&quot;:&quot;classic&quot;}\" data-pt-parallax-y=\"180\" style=\"background-image: none;\" data-pt-background-image=\"https:\/\/casajacinto.es\/wp-content\/uploads\/2023\/05\/casa-jacinto-home-2.jpg\">\n\t\t\t\t\t\t\t<div class=\"elementor-background-overlay\"><\/div>\n\t\t\t\t\t\t\t<div class=\"elementor-container elementor-column-gap-no\">\n\t\t\t\t\t<div class=\"elementor-column elementor-col-100 elementor-top-column elementor-element elementor-element-158590f\" data-id=\"158590f\" data-element_type=\"column\">\n\t\t\t<div class=\"elementor-widget-wrap elementor-element-populated\">\n\t\t\t\t\t\t\t\t<div class=\"elementor-element elementor-element-1e3aab5 elementor-widget elementor-widget-pt_title\" data-id=\"1e3aab5\" data-element_type=\"widget\" data-widget_type=\"pt_title.default\">\n\t\t\t\t<div class=\"elementor-widget-container\">\n\t\t\t\n        <div class=\"pt-title-wrap text-center\">\t            <h1 class=\"pt-title color-secondary\">\n\t                Historia\t            <\/h1>        <\/div>\t\t<\/div>\n\t\t\t\t<\/div>\n\t\t\t\t\t<\/div>\n\t\t<\/div>\n\t\t\t\t\t\t\t<\/div>\n\t\t<\/section>\n\t\t\t\t<section class=\"elementor-section elementor-top-section elementor-element elementor-element-1064951 elementor-section-boxed elementor-section-height-default elementor-section-height-default\" data-id=\"1064951\" data-element_type=\"section\">\n\t\t\t\t\t\t<div class=\"elementor-container elementor-column-gap-default\">\n\t\t\t\t\t<div class=\"elementor-column elementor-col-100 elementor-top-column elementor-element elementor-element-9e840f9\" data-id=\"9e840f9\" data-element_type=\"column\">\n\t\t\t<div class=\"elementor-widget-wrap elementor-element-populated\">\n\t\t\t\t\t\t\t\t<div class=\"elementor-element elementor-element-5a7fbeb elementor-widget__width-initial elementor-widget elementor-widget-pt_rounded_image\" data-id=\"5a7fbeb\" data-element_type=\"widget\" data-widget_type=\"pt_rounded_image.default\">\n\t\t\t\t<div class=\"elementor-widget-container\">\n\t\t\t\t\t\t\t<div class=\"pt-rounded-image\" style=\"border-radius: 0 0 0 0;\">\n\t\t\t\t\t\t\t\t\t\t<img decoding=\"async\" width=\"370\" height=\"556\" src=\"https:\/\/casajacinto.es\/wp-content\/uploads\/2023\/05\/casa-jacinto-cocina-mallorquina-9-370x556.jpg\" class=\"attachment-patiotime_370x9999 size-patiotime_370x9999 wp-image-1403\" alt=\"\" srcset=\"https:\/\/casajacinto.es\/wp-content\/uploads\/2023\/05\/casa-jacinto-cocina-mallorquina-9-370x556.jpg 370w, https:\/\/casajacinto.es\/wp-content\/uploads\/2023\/05\/casa-jacinto-cocina-mallorquina-9-200x300.jpg 200w, https:\/\/casajacinto.es\/wp-content\/uploads\/2023\/05\/casa-jacinto-cocina-mallorquina-9-255x383.jpg 255w, https:\/\/casajacinto.es\/wp-content\/uploads\/2023\/05\/casa-jacinto-cocina-mallorquina-9-100x150.jpg 100w, https:\/\/casajacinto.es\/wp-content\/uploads\/2023\/05\/casa-jacinto-cocina-mallorquina-9.jpg 466w\" sizes=\"(max-width: 370px) 100vw, 370px\" \/>\t\t\t\t\t\t\t\t\t<\/div>\t\t<\/div>\n\t\t\t\t<\/div>\n\t\t\t\t<div class=\"elementor-element elementor-element-c129a8a elementor-widget__width-initial elementor-widget elementor-widget-pt_title\" data-id=\"c129a8a\" data-element_type=\"widget\" data-widget_type=\"pt_title.default\">\n\t\t\t\t<div class=\"elementor-widget-container\">\n\t\t\t\n        <div class=\"pt-title-wrap text-left\">\t            <div class=\"pt-title-text\">\n\t                <div><div>Fondat el 1982, el Restaurant Casa Jacinto es troba a G\u00e8nova, un dels llocs m\u00e9s tranquils i<\/div><div>encantadors de la ciutat de Palma. El nostre restaurant ofereix unes magn\u00edfiques vistes a la Serra de Na Burguesa, brindant als nostres clients un entorn natural incomparable.<\/div><\/div><div>\u00a0<\/div><div><div>Casa Jacinto \u00e9s un dels llocs m\u00e9s emblem\u00e0tics de G\u00e8nova, on podr\u00e0s tastar la millor cuina<\/div><div>mallorquina i gaudir de la nostra especialitat en carns a la brasa. Amb m\u00e9s de 40 anys<\/div><div>d&#8217;experi\u00e8ncia dominant la graella, destaquem per oferir carns selectes, peixos i marisc a la graella, arrossos, postres casolans i una \u00e0mplia varietat de vins.<\/div><\/div><div>\u00a0<\/div><div><div>Durant els primers 23 anys, Casa Jacinto es va ubicar en un local petit al centre de G\u00e8nova. No obstant aix\u00f2, amb molt d&#8217;afecte i nost\u00e0lgia, ens vam acomiadar d&#8217;aquest espai per continuar creixent en un establiment m\u00e9s ampli i confortable per a tots els nostres clients.<\/div><\/div><div>\u00a0<\/div><div><div>Despr\u00e9s d&#8217;una llarga traject\u00f2ria, volem expressar el nostre sincer agra\u00efment per la confian\u00e7a dipositada en nosaltres per part dels nostres clients, equip i fam\u00edlia. Estem compromesos a seguir oferint una experi\u00e8ncia culin\u00e0ria excepcional i fer de cada visita a Casa Jacinto un moment inoblidable.<\/div><\/div>\t            <\/div>        <\/div>\t\t<\/div>\n\t\t\t\t<\/div>\n\t\t\t\t\t<\/div>\n\t\t<\/div>\n\t\t\t\t\t\t\t<\/div>\n\t\t<\/section>\n\t\t\t\t\t\t\t<\/div>\n\t\t","protected":false},"excerpt":{"rendered":"<p>Historia Fondat el 1982, el Restaurant Casa Jacinto es troba a G\u00e8nova, un dels llocs m\u00e9s tranquils iencantadors de la ciutat de Palma. El nostre restaurant ofereix unes magn\u00edfiques vistes a la Serra de Na Burguesa, brindant als nostres clients un entorn natural incomparable.\u00a0Casa Jacinto \u00e9s un dels llocs m\u00e9s emblem\u00e0tics de G\u00e8nova, on podr\u00e0s &#8230;<\/p>\n","protected":false},"author":1,"featured_media":0,"parent":0,"menu_order":0,"comment_status":"closed","ping_status":"closed","template":"template-wide-content.php","meta":{"patiotime_single_page_hide_site_header":"","patiotime_single_page_site_header_source":"","patiotime_single_page_custom_site_header":"0","patiotime_single_page_custom_sticky_site_header":"0","patiotime_single_page_hide_page_title":"","patiotime_single_page_header_section_size":"","patiotime_single_page_header_background_color":"","patiotime_single_page_header_background_position_x":"center","patiotime_single_page_header_background_position_y":"center","patiotime_single_page_header_background_size":"cover","patiotime_single_page_header_background_repeat":"off","patiotime_single_page_header_background_scroll":"on","patiotime_single_page_header_text_color":"","patiotime_single_page_header_show_breadcrumb":"","patiotime_single_page_site_footer_hide_main":"","patiotime_single_custom_site_footer_main_source":"","patiotime_single_custom_site_footer_main":"0","patiotime_single_page_site_footer_hide_above":"","patiotime_single_custom_site_footer_above_source":"","patiotime_single_custom_site_footer_above":"0","patiotime_single_page_site_footer_hide_instagram":"","patiotime_single_page_site_footer_hide_bottom":"","patiotime_single_custom_mobile_menu_source":"","patiotime_single_custom_mobile_menu":"0","patiotime_single_custom_mobile_menu_animation":"","patiotime_single_custom_mobile_menu_width":"","patiotime_single_custom_mobile_menu_custom_width":375,"footnotes":""},"class_list":["post-2088","page","type-page","status-publish","hentry"],"yoast_head":"<!-- This site is optimized with the Yoast SEO plugin v21.3 - https:\/\/yoast.com\/wordpress\/plugins\/seo\/ -->\n<title>Historia - Casa Jacinto<\/title>\n<meta name=\"robots\" content=\"index, follow, max-snippet:-1, max-image-preview:large, max-video-preview:-1\" \/>\n<link rel=\"canonical\" href=\"https:\/\/casajacinto.es\/ca\/historia\/\" \/>\n<meta property=\"og:locale\" content=\"ca_ES\" \/>\n<meta property=\"og:type\" content=\"article\" \/>\n<meta property=\"og:title\" content=\"Historia - Casa Jacinto\" \/>\n<meta property=\"og:description\" content=\"Historia Fondat el 1982, el Restaurant Casa Jacinto es troba a G\u00e8nova, un dels llocs m\u00e9s tranquils iencantadors de la ciutat de Palma. El nostre restaurant ofereix unes magn\u00edfiques vistes a la Serra de Na Burguesa, brindant als nostres clients un entorn natural incomparable.\u00a0Casa Jacinto \u00e9s un dels llocs m\u00e9s emblem\u00e0tics de G\u00e8nova, on podr\u00e0s ...\" \/>\n<meta property=\"og:url\" content=\"https:\/\/casajacinto.es\/ca\/historia\/\" \/>\n<meta property=\"og:site_name\" content=\"Casa Jacinto\" \/>\n<meta property=\"article:modified_time\" content=\"2023-06-02T09:18:06+00:00\" \/>\n<meta property=\"og:image\" content=\"https:\/\/casajacinto.es\/wp-content\/uploads\/2023\/05\/casa-jacinto-cocina-mallorquina-9-370x556.jpg\" \/>\n<meta name=\"twitter:card\" content=\"summary_large_image\" \/>\n<meta name=\"twitter:label1\" content=\"Temps estimat de lectura\" \/>\n\t<meta name=\"twitter:data1\" content=\"2 minuts\" \/>\n<script type=\"application\/ld+json\" class=\"yoast-schema-graph\">{\"@context\":\"https:\/\/schema.org\",\"@graph\":[{\"@type\":\"WebPage\",\"@id\":\"https:\/\/casajacinto.es\/ca\/historia\/\",\"url\":\"https:\/\/casajacinto.es\/ca\/historia\/\",\"name\":\"Historia - Casa Jacinto\",\"isPartOf\":{\"@id\":\"https:\/\/casajacinto.es\/ca\/#website\"},\"datePublished\":\"2022-07-21T03:54:06+00:00\",\"dateModified\":\"2023-06-02T09:18:06+00:00\",\"breadcrumb\":{\"@id\":\"https:\/\/casajacinto.es\/ca\/historia\/#breadcrumb\"},\"inLanguage\":\"ca\",\"potentialAction\":[{\"@type\":\"ReadAction\",\"target\":[\"https:\/\/casajacinto.es\/ca\/historia\/\"]}]},{\"@type\":\"BreadcrumbList\",\"@id\":\"https:\/\/casajacinto.es\/ca\/historia\/#breadcrumb\",\"itemListElement\":[{\"@type\":\"ListItem\",\"position\":1,\"name\":\"Home\",\"item\":\"https:\/\/casajacinto.es\/ca\/\"},{\"@type\":\"ListItem\",\"position\":2,\"name\":\"Historia\"}]},{\"@type\":\"WebSite\",\"@id\":\"https:\/\/casajacinto.es\/ca\/#website\",\"url\":\"https:\/\/casajacinto.es\/ca\/\",\"name\":\"Casa Jacinto\",\"description\":\"\",\"publisher\":{\"@id\":\"https:\/\/casajacinto.es\/ca\/#organization\"},\"potentialAction\":[{\"@type\":\"SearchAction\",\"target\":{\"@type\":\"EntryPoint\",\"urlTemplate\":\"https:\/\/casajacinto.es\/ca\/?s={search_term_string}\"},\"query-input\":\"required name=search_term_string\"}],\"inLanguage\":\"ca\"},{\"@type\":\"Organization\",\"@id\":\"https:\/\/casajacinto.es\/ca\/#organization\",\"name\":\"Casa Jacinto\",\"url\":\"https:\/\/casajacinto.es\/ca\/\",\"logo\":{\"@type\":\"ImageObject\",\"inLanguage\":\"ca\",\"@id\":\"https:\/\/casajacinto.es\/ca\/#\/schema\/logo\/image\/\",\"url\":\"https:\/\/casajacinto.es\/wp-content\/uploads\/2023\/05\/logo-casa-jacinto-pie-hd-fullhdEditado.png\",\"contentUrl\":\"https:\/\/casajacinto.es\/wp-content\/uploads\/2023\/05\/logo-casa-jacinto-pie-hd-fullhdEditado.png\",\"width\":53,\"height\":66,\"caption\":\"Casa Jacinto\"},\"image\":{\"@id\":\"https:\/\/casajacinto.es\/ca\/#\/schema\/logo\/image\/\"}}]}<\/script>\n<!-- \/ Yoast SEO plugin. -->","yoast_head_json":{"title":"Historia - Casa Jacinto","robots":{"index":"index","follow":"follow","max-snippet":"max-snippet:-1","max-image-preview":"max-image-preview:large","max-video-preview":"max-video-preview:-1"},"canonical":"https:\/\/casajacinto.es\/ca\/historia\/","og_locale":"ca_ES","og_type":"article","og_title":"Historia - Casa Jacinto","og_description":"Historia Fondat el 1982, el Restaurant Casa Jacinto es troba a G\u00e8nova, un dels llocs m\u00e9s tranquils iencantadors de la ciutat de Palma. El nostre restaurant ofereix unes magn\u00edfiques vistes a la Serra de Na Burguesa, brindant als nostres clients un entorn natural incomparable.\u00a0Casa Jacinto \u00e9s un dels llocs m\u00e9s emblem\u00e0tics de G\u00e8nova, on podr\u00e0s ...","og_url":"https:\/\/casajacinto.es\/ca\/historia\/","og_site_name":"Casa Jacinto","article_modified_time":"2023-06-02T09:18:06+00:00","og_image":[{"url":"https:\/\/casajacinto.es\/wp-content\/uploads\/2023\/05\/casa-jacinto-cocina-mallorquina-9-370x556.jpg"}],"twitter_card":"summary_large_image","twitter_misc":{"Temps estimat de lectura":"2 minuts"},"schema":{"@context":"https:\/\/schema.org","@graph":[{"@type":"WebPage","@id":"https:\/\/casajacinto.es\/ca\/historia\/","url":"https:\/\/casajacinto.es\/ca\/historia\/","name":"Historia - Casa Jacinto","isPartOf":{"@id":"https:\/\/casajacinto.es\/ca\/#website"},"datePublished":"2022-07-21T03:54:06+00:00","dateModified":"2023-06-02T09:18:06+00:00","breadcrumb":{"@id":"https:\/\/casajacinto.es\/ca\/historia\/#breadcrumb"},"inLanguage":"ca","potentialAction":[{"@type":"ReadAction","target":["https:\/\/casajacinto.es\/ca\/historia\/"]}]},{"@type":"BreadcrumbList","@id":"https:\/\/casajacinto.es\/ca\/historia\/#breadcrumb","itemListElement":[{"@type":"ListItem","position":1,"name":"Home","item":"https:\/\/casajacinto.es\/ca\/"},{"@type":"ListItem","position":2,"name":"Historia"}]},{"@type":"WebSite","@id":"https:\/\/casajacinto.es\/ca\/#website","url":"https:\/\/casajacinto.es\/ca\/","name":"Casa Jacinto","description":"","publisher":{"@id":"https:\/\/casajacinto.es\/ca\/#organization"},"potentialAction":[{"@type":"SearchAction","target":{"@type":"EntryPoint","urlTemplate":"https:\/\/casajacinto.es\/ca\/?s={search_term_string}"},"query-input":"required name=search_term_string"}],"inLanguage":"ca"},{"@type":"Organization","@id":"https:\/\/casajacinto.es\/ca\/#organization","name":"Casa Jacinto","url":"https:\/\/casajacinto.es\/ca\/","logo":{"@type":"ImageObject","inLanguage":"ca","@id":"https:\/\/casajacinto.es\/ca\/#\/schema\/logo\/image\/","url":"https:\/\/casajacinto.es\/wp-content\/uploads\/2023\/05\/logo-casa-jacinto-pie-hd-fullhdEditado.png","contentUrl":"https:\/\/casajacinto.es\/wp-content\/uploads\/2023\/05\/logo-casa-jacinto-pie-hd-fullhdEditado.png","width":53,"height":66,"caption":"Casa Jacinto"},"image":{"@id":"https:\/\/casajacinto.es\/ca\/#\/schema\/logo\/image\/"}}]}},"_links":{"self":[{"href":"https:\/\/casajacinto.es\/ca\/wp-json\/wp\/v2\/pages\/2088","targetHints":{"allow":["GET"]}}],"collection":[{"href":"https:\/\/casajacinto.es\/ca\/wp-json\/wp\/v2\/pages"}],"about":[{"href":"https:\/\/casajacinto.es\/ca\/wp-json\/wp\/v2\/types\/page"}],"author":[{"embeddable":true,"href":"https:\/\/casajacinto.es\/ca\/wp-json\/wp\/v2\/users\/1"}],"replies":[{"embeddable":true,"href":"https:\/\/casajacinto.es\/ca\/wp-json\/wp\/v2\/comments?post=2088"}],"version-history":[{"count":7,"href":"https:\/\/casajacinto.es\/ca\/wp-json\/wp\/v2\/pages\/2088\/revisions"}],"predecessor-version":[{"id":2189,"href":"https:\/\/casajacinto.es\/ca\/wp-json\/wp\/v2\/pages\/2088\/revisions\/2189"}],"wp:attachment":[{"href":"https:\/\/casajacinto.es\/ca\/wp-json\/wp\/v2\/media?parent=2088"}],"curies":[{"name":"wp","href":"https:\/\/api.w.org\/{rel}","templated":true}]}}