{"id":1855,"date":"2022-07-21T03:54:06","date_gmt":"2022-07-21T03:54:06","guid":{"rendered":"https:\/\/casajacinto.es\/geschichte\/"},"modified":"2023-06-02T09:35:35","modified_gmt":"2023-06-02T09:35:35","slug":"geschichte","status":"publish","type":"page","link":"https:\/\/casajacinto.es\/de\/geschichte\/","title":{"rendered":"geschichte"},"content":{"rendered":"\t\t<div data-elementor-type=\"wp-page\" data-elementor-id=\"1855\" class=\"elementor elementor-1855 elementor-1300\">\n\t\t\t\t\t\t\t\t\t<section class=\"elementor-section elementor-top-section elementor-element elementor-element-f7a92a5 pt-section-content-fullwidth pt-parallax-on-scroll pt_scroll_y_180 elementor-section-boxed elementor-section-height-default elementor-section-height-default\" data-id=\"f7a92a5\" data-element_type=\"section\" data-settings=\"{&quot;background_background&quot;:&quot;classic&quot;}\" data-pt-parallax-y=\"180\" style=\"background-image: none;\" data-pt-background-image=\"https:\/\/casajacinto.es\/wp-content\/uploads\/2023\/05\/casa-jacinto-home-2.jpg\">\n\t\t\t\t\t\t\t<div class=\"elementor-background-overlay\"><\/div>\n\t\t\t\t\t\t\t<div class=\"elementor-container elementor-column-gap-no\">\n\t\t\t\t\t<div class=\"elementor-column elementor-col-100 elementor-top-column elementor-element elementor-element-158590f\" data-id=\"158590f\" data-element_type=\"column\">\n\t\t\t<div class=\"elementor-widget-wrap elementor-element-populated\">\n\t\t\t\t\t\t\t\t<div class=\"elementor-element elementor-element-1e3aab5 elementor-widget elementor-widget-pt_title\" data-id=\"1e3aab5\" data-element_type=\"widget\" data-widget_type=\"pt_title.default\">\n\t\t\t\t<div class=\"elementor-widget-container\">\n\t\t\t\n        <div class=\"pt-title-wrap text-center\">\t            <h1 class=\"pt-title color-secondary\">\n\t                Geschichte\t            <\/h1>        <\/div>\t\t<\/div>\n\t\t\t\t<\/div>\n\t\t\t\t\t<\/div>\n\t\t<\/div>\n\t\t\t\t\t\t\t<\/div>\n\t\t<\/section>\n\t\t\t\t<section class=\"elementor-section elementor-top-section elementor-element elementor-element-1064951 elementor-section-boxed elementor-section-height-default elementor-section-height-default\" data-id=\"1064951\" data-element_type=\"section\">\n\t\t\t\t\t\t<div class=\"elementor-container elementor-column-gap-default\">\n\t\t\t\t\t<div class=\"elementor-column elementor-col-100 elementor-top-column elementor-element elementor-element-9e840f9\" data-id=\"9e840f9\" data-element_type=\"column\">\n\t\t\t<div class=\"elementor-widget-wrap elementor-element-populated\">\n\t\t\t\t\t\t\t\t<div class=\"elementor-element elementor-element-5a7fbeb elementor-widget__width-initial elementor-widget elementor-widget-pt_rounded_image\" data-id=\"5a7fbeb\" data-element_type=\"widget\" data-widget_type=\"pt_rounded_image.default\">\n\t\t\t\t<div class=\"elementor-widget-container\">\n\t\t\t\t\t\t\t<div class=\"pt-rounded-image\" style=\"border-radius: 0 0 0 0;\">\n\t\t\t\t\t\t\t\t\t\t<img decoding=\"async\" width=\"370\" height=\"556\" src=\"https:\/\/casajacinto.es\/wp-content\/uploads\/2023\/05\/casa-jacinto-cocina-mallorquina-9-370x556.jpg\" class=\"attachment-patiotime_370x9999 size-patiotime_370x9999 wp-image-1403\" alt=\"\" srcset=\"https:\/\/casajacinto.es\/wp-content\/uploads\/2023\/05\/casa-jacinto-cocina-mallorquina-9-370x556.jpg 370w, https:\/\/casajacinto.es\/wp-content\/uploads\/2023\/05\/casa-jacinto-cocina-mallorquina-9-200x300.jpg 200w, https:\/\/casajacinto.es\/wp-content\/uploads\/2023\/05\/casa-jacinto-cocina-mallorquina-9-255x383.jpg 255w, https:\/\/casajacinto.es\/wp-content\/uploads\/2023\/05\/casa-jacinto-cocina-mallorquina-9-100x150.jpg 100w, https:\/\/casajacinto.es\/wp-content\/uploads\/2023\/05\/casa-jacinto-cocina-mallorquina-9.jpg 466w\" sizes=\"(max-width: 370px) 100vw, 370px\" \/>\t\t\t\t\t\t\t\t\t<\/div>\t\t<\/div>\n\t\t\t\t<\/div>\n\t\t\t\t<div class=\"elementor-element elementor-element-c129a8a elementor-widget__width-initial elementor-widget elementor-widget-pt_title\" data-id=\"c129a8a\" data-element_type=\"widget\" data-widget_type=\"pt_title.default\">\n\t\t\t\t<div class=\"elementor-widget-container\">\n\t\t\t\n        <div class=\"pt-title-wrap text-left\">\t            <div class=\"pt-title-text\">\n\t                <div><div>Gegr\u00fcndet im Jahr 1982, befindet sich das Restaurant Casa Jacinto in G\u00e9nova, einem der<\/div><div>ruhigsten und charmantesten Orte in der Stadt Palma. Unser Restaurant bietet eine herrliche Aussicht auf die Sierra de Na Burguesa und schafft so f\u00fcr unsere Kunden eine unvergleichliche nat\u00fcrliche Umgebung.<\/div><\/div><div>\u00a0<\/div><div><div>Casa Jacinto ist einer der bekanntesten Orte in G\u00e9nova, wo Sie die beste mallorquinische<\/div><div>K\u00fcche genie\u00dfen und unsere Spezialit\u00e4t, gegrilltes Fleisch, probieren k\u00f6nnen. Mit \u00fcber 40<\/div><div>Jahren Erfahrung in der Beherrschung des Grills zeichnen wir uns durch unser Angebot an<\/div><div>erlesenen Fleischsorten, gegrilltem Fisch und Meeresfr\u00fcchten, Reisgerichten, hausgemachten Desserts und einer breiten Auswahl an Weinen aus.<\/div><\/div><div>\u00a0<\/div><div><div>In den ersten 23 Jahren befand sich Casa Jacinto in einem kleinen Lokal im Zentrum von G\u00e9nova. Jedoch haben wir uns mit viel Liebe und Nostalgie von diesem Raum verabschiedet, um in einem gr\u00f6\u00dferen und komfortableren Ambiente f\u00fcr alle unsere Kunden weiter zu wachsen.<\/div><\/div><div>\u00a0<\/div><div><div>Nach einer langen Reise m\u00f6chten wir unseren aufrichtigen Dank f\u00fcr das Vertrauen aussprechen, das uns von unseren Kunden, unserem Team und unserer Familie entgegengebracht wurde. Wir sind entschlossen, weiterhin ein au\u00dfergew\u00f6hnliches kulinarisches Erlebnis zu bieten und jeden Besuch im Casa Jacinto zu einem unvergesslichen Moment zu machen.<\/div><\/div>\t            <\/div>        <\/div>\t\t<\/div>\n\t\t\t\t<\/div>\n\t\t\t\t\t<\/div>\n\t\t<\/div>\n\t\t\t\t\t\t\t<\/div>\n\t\t<\/section>\n\t\t\t\t\t\t\t<\/div>\n\t\t","protected":false},"excerpt":{"rendered":"<p>Geschichte Gegr\u00fcndet im Jahr 1982, befindet sich das Restaurant Casa Jacinto in G\u00e9nova, einem derruhigsten und charmantesten Orte in der Stadt Palma. Unser Restaurant bietet eine herrliche Aussicht auf die Sierra de Na Burguesa und schafft so f\u00fcr unsere Kunden eine unvergleichliche nat\u00fcrliche Umgebung.\u00a0Casa Jacinto ist einer der bekanntesten Orte in G\u00e9nova, wo Sie die &#8230;<\/p>\n","protected":false},"author":1,"featured_media":0,"parent":0,"menu_order":0,"comment_status":"closed","ping_status":"closed","template":"template-wide-content.php","meta":{"patiotime_single_page_hide_site_header":"","patiotime_single_page_site_header_source":"","patiotime_single_page_custom_site_header":"0","patiotime_single_page_custom_sticky_site_header":"0","patiotime_single_page_hide_page_title":"","patiotime_single_page_header_section_size":"","patiotime_single_page_header_background_color":"","patiotime_single_page_header_background_position_x":"center","patiotime_single_page_header_background_position_y":"center","patiotime_single_page_header_background_size":"cover","patiotime_single_page_header_background_repeat":"off","patiotime_single_page_header_background_scroll":"on","patiotime_single_page_header_text_color":"","patiotime_single_page_header_show_breadcrumb":"","patiotime_single_page_site_footer_hide_main":"","patiotime_single_custom_site_footer_main_source":"","patiotime_single_custom_site_footer_main":"0","patiotime_single_page_site_footer_hide_above":"","patiotime_single_custom_site_footer_above_source":"","patiotime_single_custom_site_footer_above":"0","patiotime_single_page_site_footer_hide_instagram":"","patiotime_single_page_site_footer_hide_bottom":"","patiotime_single_custom_mobile_menu_source":"","patiotime_single_custom_mobile_menu":"0","patiotime_single_custom_mobile_menu_animation":"","patiotime_single_custom_mobile_menu_width":"","patiotime_single_custom_mobile_menu_custom_width":375,"footnotes":""},"class_list":["post-1855","page","type-page","status-publish","hentry"],"yoast_head":"<!-- This site is optimized with the Yoast SEO plugin v21.3 - https:\/\/yoast.com\/wordpress\/plugins\/seo\/ -->\n<title>geschichte - Casa Jacinto<\/title>\n<meta name=\"robots\" content=\"index, follow, max-snippet:-1, max-image-preview:large, max-video-preview:-1\" \/>\n<link rel=\"canonical\" href=\"https:\/\/casajacinto.es\/de\/geschichte\/\" \/>\n<meta property=\"og:locale\" content=\"de_DE\" \/>\n<meta property=\"og:type\" content=\"article\" \/>\n<meta property=\"og:title\" content=\"geschichte - Casa Jacinto\" \/>\n<meta property=\"og:description\" content=\"Geschichte Gegr\u00fcndet im Jahr 1982, befindet sich das Restaurant Casa Jacinto in G\u00e9nova, einem derruhigsten und charmantesten Orte in der Stadt Palma. Unser Restaurant bietet eine herrliche Aussicht auf die Sierra de Na Burguesa und schafft so f\u00fcr unsere Kunden eine unvergleichliche nat\u00fcrliche Umgebung.\u00a0Casa Jacinto ist einer der bekanntesten Orte in G\u00e9nova, wo Sie die ...\" \/>\n<meta property=\"og:url\" content=\"https:\/\/casajacinto.es\/de\/geschichte\/\" \/>\n<meta property=\"og:site_name\" content=\"Casa Jacinto\" \/>\n<meta property=\"article:modified_time\" content=\"2023-06-02T09:35:35+00:00\" \/>\n<meta property=\"og:image\" content=\"https:\/\/casajacinto.es\/wp-content\/uploads\/2023\/05\/casa-jacinto-cocina-mallorquina-9-370x556.jpg\" \/>\n<meta name=\"twitter:card\" content=\"summary_large_image\" \/>\n<meta name=\"twitter:label1\" content=\"Gesch\u00e4tzte Lesezeit\" \/>\n\t<meta name=\"twitter:data1\" content=\"2\u00a0Minuten\" \/>\n<script type=\"application\/ld+json\" class=\"yoast-schema-graph\">{\"@context\":\"https:\/\/schema.org\",\"@graph\":[{\"@type\":\"WebPage\",\"@id\":\"https:\/\/casajacinto.es\/de\/geschichte\/\",\"url\":\"https:\/\/casajacinto.es\/de\/geschichte\/\",\"name\":\"geschichte - Casa Jacinto\",\"isPartOf\":{\"@id\":\"https:\/\/casajacinto.es\/de\/#website\"},\"datePublished\":\"2022-07-21T03:54:06+00:00\",\"dateModified\":\"2023-06-02T09:35:35+00:00\",\"breadcrumb\":{\"@id\":\"https:\/\/casajacinto.es\/de\/geschichte\/#breadcrumb\"},\"inLanguage\":\"de\",\"potentialAction\":[{\"@type\":\"ReadAction\",\"target\":[\"https:\/\/casajacinto.es\/de\/geschichte\/\"]}]},{\"@type\":\"BreadcrumbList\",\"@id\":\"https:\/\/casajacinto.es\/de\/geschichte\/#breadcrumb\",\"itemListElement\":[{\"@type\":\"ListItem\",\"position\":1,\"name\":\"Home\",\"item\":\"https:\/\/casajacinto.es\/de\/\"},{\"@type\":\"ListItem\",\"position\":2,\"name\":\"geschichte\"}]},{\"@type\":\"WebSite\",\"@id\":\"https:\/\/casajacinto.es\/de\/#website\",\"url\":\"https:\/\/casajacinto.es\/de\/\",\"name\":\"Casa Jacinto\",\"description\":\"\",\"publisher\":{\"@id\":\"https:\/\/casajacinto.es\/de\/#organization\"},\"potentialAction\":[{\"@type\":\"SearchAction\",\"target\":{\"@type\":\"EntryPoint\",\"urlTemplate\":\"https:\/\/casajacinto.es\/de\/?s={search_term_string}\"},\"query-input\":\"required name=search_term_string\"}],\"inLanguage\":\"de\"},{\"@type\":\"Organization\",\"@id\":\"https:\/\/casajacinto.es\/de\/#organization\",\"name\":\"Casa Jacinto\",\"url\":\"https:\/\/casajacinto.es\/de\/\",\"logo\":{\"@type\":\"ImageObject\",\"inLanguage\":\"de\",\"@id\":\"https:\/\/casajacinto.es\/de\/#\/schema\/logo\/image\/\",\"url\":\"https:\/\/casajacinto.es\/wp-content\/uploads\/2023\/05\/logo-casa-jacinto-pie-hd-fullhdEditado.png\",\"contentUrl\":\"https:\/\/casajacinto.es\/wp-content\/uploads\/2023\/05\/logo-casa-jacinto-pie-hd-fullhdEditado.png\",\"width\":53,\"height\":66,\"caption\":\"Casa Jacinto\"},\"image\":{\"@id\":\"https:\/\/casajacinto.es\/de\/#\/schema\/logo\/image\/\"}}]}<\/script>\n<!-- \/ Yoast SEO plugin. -->","yoast_head_json":{"title":"geschichte - Casa Jacinto","robots":{"index":"index","follow":"follow","max-snippet":"max-snippet:-1","max-image-preview":"max-image-preview:large","max-video-preview":"max-video-preview:-1"},"canonical":"https:\/\/casajacinto.es\/de\/geschichte\/","og_locale":"de_DE","og_type":"article","og_title":"geschichte - Casa Jacinto","og_description":"Geschichte Gegr\u00fcndet im Jahr 1982, befindet sich das Restaurant Casa Jacinto in G\u00e9nova, einem derruhigsten und charmantesten Orte in der Stadt Palma. Unser Restaurant bietet eine herrliche Aussicht auf die Sierra de Na Burguesa und schafft so f\u00fcr unsere Kunden eine unvergleichliche nat\u00fcrliche Umgebung.\u00a0Casa Jacinto ist einer der bekanntesten Orte in G\u00e9nova, wo Sie die ...","og_url":"https:\/\/casajacinto.es\/de\/geschichte\/","og_site_name":"Casa Jacinto","article_modified_time":"2023-06-02T09:35:35+00:00","og_image":[{"url":"https:\/\/casajacinto.es\/wp-content\/uploads\/2023\/05\/casa-jacinto-cocina-mallorquina-9-370x556.jpg"}],"twitter_card":"summary_large_image","twitter_misc":{"Gesch\u00e4tzte Lesezeit":"2\u00a0Minuten"},"schema":{"@context":"https:\/\/schema.org","@graph":[{"@type":"WebPage","@id":"https:\/\/casajacinto.es\/de\/geschichte\/","url":"https:\/\/casajacinto.es\/de\/geschichte\/","name":"geschichte - Casa Jacinto","isPartOf":{"@id":"https:\/\/casajacinto.es\/de\/#website"},"datePublished":"2022-07-21T03:54:06+00:00","dateModified":"2023-06-02T09:35:35+00:00","breadcrumb":{"@id":"https:\/\/casajacinto.es\/de\/geschichte\/#breadcrumb"},"inLanguage":"de","potentialAction":[{"@type":"ReadAction","target":["https:\/\/casajacinto.es\/de\/geschichte\/"]}]},{"@type":"BreadcrumbList","@id":"https:\/\/casajacinto.es\/de\/geschichte\/#breadcrumb","itemListElement":[{"@type":"ListItem","position":1,"name":"Home","item":"https:\/\/casajacinto.es\/de\/"},{"@type":"ListItem","position":2,"name":"geschichte"}]},{"@type":"WebSite","@id":"https:\/\/casajacinto.es\/de\/#website","url":"https:\/\/casajacinto.es\/de\/","name":"Casa Jacinto","description":"","publisher":{"@id":"https:\/\/casajacinto.es\/de\/#organization"},"potentialAction":[{"@type":"SearchAction","target":{"@type":"EntryPoint","urlTemplate":"https:\/\/casajacinto.es\/de\/?s={search_term_string}"},"query-input":"required name=search_term_string"}],"inLanguage":"de"},{"@type":"Organization","@id":"https:\/\/casajacinto.es\/de\/#organization","name":"Casa Jacinto","url":"https:\/\/casajacinto.es\/de\/","logo":{"@type":"ImageObject","inLanguage":"de","@id":"https:\/\/casajacinto.es\/de\/#\/schema\/logo\/image\/","url":"https:\/\/casajacinto.es\/wp-content\/uploads\/2023\/05\/logo-casa-jacinto-pie-hd-fullhdEditado.png","contentUrl":"https:\/\/casajacinto.es\/wp-content\/uploads\/2023\/05\/logo-casa-jacinto-pie-hd-fullhdEditado.png","width":53,"height":66,"caption":"Casa Jacinto"},"image":{"@id":"https:\/\/casajacinto.es\/de\/#\/schema\/logo\/image\/"}}]}},"_links":{"self":[{"href":"https:\/\/casajacinto.es\/de\/wp-json\/wp\/v2\/pages\/1855","targetHints":{"allow":["GET"]}}],"collection":[{"href":"https:\/\/casajacinto.es\/de\/wp-json\/wp\/v2\/pages"}],"about":[{"href":"https:\/\/casajacinto.es\/de\/wp-json\/wp\/v2\/types\/page"}],"author":[{"embeddable":true,"href":"https:\/\/casajacinto.es\/de\/wp-json\/wp\/v2\/users\/1"}],"replies":[{"embeddable":true,"href":"https:\/\/casajacinto.es\/de\/wp-json\/wp\/v2\/comments?post=1855"}],"version-history":[{"count":30,"href":"https:\/\/casajacinto.es\/de\/wp-json\/wp\/v2\/pages\/1855\/revisions"}],"predecessor-version":[{"id":2201,"href":"https:\/\/casajacinto.es\/de\/wp-json\/wp\/v2\/pages\/1855\/revisions\/2201"}],"wp:attachment":[{"href":"https:\/\/casajacinto.es\/de\/wp-json\/wp\/v2\/media?parent=1855"}],"curies":[{"name":"wp","href":"https:\/\/api.w.org\/{rel}","templated":true}]}}