{"id":2003,"date":"2022-07-21T03:55:02","date_gmt":"2022-07-21T03:55:02","guid":{"rendered":"https:\/\/casajacinto.es\/contact\/"},"modified":"2024-10-18T14:45:44","modified_gmt":"2024-10-18T14:45:44","slug":"contact","status":"publish","type":"page","link":"https:\/\/casajacinto.es\/en\/contact\/","title":{"rendered":"Contact"},"content":{"rendered":"\t\t<div data-elementor-type=\"wp-page\" data-elementor-id=\"2003\" class=\"elementor elementor-2003 elementor-19\">\n\t\t\t\t\t\t\t\t\t<section class=\"elementor-section elementor-top-section elementor-element elementor-element-a7d6089 pt-section-content-fullwidth pt-parallax-on-scroll pt_scroll_y_180 elementor-section-boxed elementor-section-height-default elementor-section-height-default\" data-id=\"a7d6089\" data-element_type=\"section\" data-settings=\"{&quot;background_background&quot;:&quot;classic&quot;}\" data-pt-parallax-y=\"180\" style=\"background-image: none;\" data-pt-background-image=\"https:\/\/casajacinto.es\/wp-content\/uploads\/2023\/05\/casa-jacinto-home-2.jpg\">\n\t\t\t\t\t\t\t<div class=\"elementor-background-overlay\"><\/div>\n\t\t\t\t\t\t\t<div class=\"elementor-container elementor-column-gap-no\">\n\t\t\t\t\t<div class=\"elementor-column elementor-col-100 elementor-top-column elementor-element elementor-element-fb0901e\" data-id=\"fb0901e\" data-element_type=\"column\">\n\t\t\t<div class=\"elementor-widget-wrap elementor-element-populated\">\n\t\t\t\t\t\t\t\t<div class=\"elementor-element elementor-element-8a6ce14 elementor-widget elementor-widget-pt_title\" data-id=\"8a6ce14\" data-element_type=\"widget\" data-widget_type=\"pt_title.default\">\n\t\t\t\t<div class=\"elementor-widget-container\">\n\t\t\t\n        <div class=\"pt-title-wrap text-center\">\t            <h1 class=\"pt-title\">\n\t                Contact\t            <\/h1>        <\/div>\t\t<\/div>\n\t\t\t\t<\/div>\n\t\t\t\t\t<\/div>\n\t\t<\/div>\n\t\t\t\t\t\t\t<\/div>\n\t\t<\/section>\n\t\t\t\t<section class=\"elementor-section elementor-top-section elementor-element elementor-element-b8dcae4 elementor-section-boxed elementor-section-height-default elementor-section-height-default\" data-id=\"b8dcae4\" data-element_type=\"section\">\n\t\t\t\t\t\t<div class=\"elementor-container elementor-column-gap-no\">\n\t\t\t\t\t<div class=\"elementor-column elementor-col-50 elementor-top-column elementor-element elementor-element-5b108a2\" data-id=\"5b108a2\" data-element_type=\"column\">\n\t\t\t<div class=\"elementor-widget-wrap elementor-element-populated\">\n\t\t\t\t\t\t\t\t<section class=\"elementor-section elementor-inner-section elementor-element elementor-element-d3c8146 elementor-section-boxed elementor-section-height-default elementor-section-height-default\" data-id=\"d3c8146\" data-element_type=\"section\">\n\t\t\t\t\t\t<div class=\"elementor-container elementor-column-gap-no\">\n\t\t\t\t\t<div class=\"elementor-column elementor-col-100 elementor-inner-column elementor-element elementor-element-6bc08dc\" data-id=\"6bc08dc\" data-element_type=\"column\">\n\t\t\t<div class=\"elementor-widget-wrap elementor-element-populated\">\n\t\t\t\t\t\t\t\t<div class=\"elementor-element elementor-element-ba5e6c0 elementor-widget__width-initial elementor-widget elementor-widget-pt_title\" data-id=\"ba5e6c0\" data-element_type=\"widget\" data-widget_type=\"pt_title.default\">\n\t\t\t\t<div class=\"elementor-widget-container\">\n\t\t\t\n        <div class=\"pt-title-wrap\">\t            <h6 class=\"pt-title\">\n\t                Address\t            <\/h6>\t            <div class=\"pt-title-text\">\n\t                <div>Cam\u00ed Tramvia 37, 07015 (G\u00e8nova)<\/div><div>Palma de Mallorca. Illes Balears.<\/div>\t            <\/div>        <\/div>\t\t<\/div>\n\t\t\t\t<\/div>\n\t\t\t\t\t<\/div>\n\t\t<\/div>\n\t\t\t\t\t\t\t<\/div>\n\t\t<\/section>\n\t\t\t\t<section class=\"elementor-section elementor-inner-section elementor-element elementor-element-db16f21 elementor-section-boxed elementor-section-height-default elementor-section-height-default\" data-id=\"db16f21\" data-element_type=\"section\">\n\t\t\t\t\t\t<div class=\"elementor-container elementor-column-gap-no\">\n\t\t\t\t\t<div class=\"elementor-column elementor-col-50 elementor-inner-column elementor-element elementor-element-2149c28\" data-id=\"2149c28\" data-element_type=\"column\">\n\t\t\t<div class=\"elementor-widget-wrap elementor-element-populated\">\n\t\t\t\t\t\t\t\t<div class=\"elementor-element elementor-element-cd450e6 elementor-widget elementor-widget-pt_title\" data-id=\"cd450e6\" data-element_type=\"widget\" data-widget_type=\"pt_title.default\">\n\t\t\t\t<div class=\"elementor-widget-container\">\n\t\t\t\n        <div class=\"pt-title-wrap\">\t            <h6 class=\"pt-title\">\n\t                Information and reservations\t            <\/h6>\t            <div class=\"pt-title-text\">\n\t                <p>(+34) 971401858<\/p>\t            <\/div>        <\/div>\t\t<\/div>\n\t\t\t\t<\/div>\n\t\t\t\t\t<\/div>\n\t\t<\/div>\n\t\t\t\t<div class=\"elementor-column elementor-col-50 elementor-inner-column elementor-element elementor-element-efc3020\" data-id=\"efc3020\" data-element_type=\"column\">\n\t\t\t<div class=\"elementor-widget-wrap elementor-element-populated\">\n\t\t\t\t\t\t\t\t<div class=\"elementor-element elementor-element-20d9420 elementor-widget elementor-widget-pt_title\" data-id=\"20d9420\" data-element_type=\"widget\" data-widget_type=\"pt_title.default\">\n\t\t\t\t<div class=\"elementor-widget-container\">\n\t\t\t\n        <div class=\"pt-title-wrap\">\t            <h6 class=\"pt-title\">\n\t                SCHEDULE\t            <\/h6>\t            <div class=\"pt-title-text\">\n\t                <div>Monday to Sunday from 13:00h to 17:00h and from 19:00h to 00:00h<\/div><div>Closed on Wednesdays<\/div>\t            <\/div>        <\/div>\t\t<\/div>\n\t\t\t\t<\/div>\n\t\t\t\t\t<\/div>\n\t\t<\/div>\n\t\t\t\t\t\t\t<\/div>\n\t\t<\/section>\n\t\t\t\t\t<\/div>\n\t\t<\/div>\n\t\t\t\t<div class=\"elementor-column elementor-col-50 elementor-top-column elementor-element elementor-element-087f498 pt-animation-medium-offset elementor-invisible\" data-id=\"087f498\" data-element_type=\"column\" data-settings=\"{&quot;background_background&quot;:&quot;classic&quot;,&quot;animation&quot;:&quot;fadeInUp&quot;,&quot;animation_delay&quot;:300}\">\n\t\t\t<div class=\"elementor-widget-wrap\">\n\t\t\t\t\t\t\t\t\t<\/div>\n\t\t<\/div>\n\t\t\t\t\t\t\t<\/div>\n\t\t<\/section>\n\t\t\t\t<section class=\"elementor-section elementor-top-section elementor-element elementor-element-5d050e4 elementor-section-content-middle elementor-section-boxed elementor-section-height-default elementor-section-height-default\" data-id=\"5d050e4\" data-element_type=\"section\">\n\t\t\t\t\t\t<div class=\"elementor-container elementor-column-gap-no\">\n\t\t\t\t\t<div class=\"elementor-column elementor-col-50 elementor-top-column elementor-element elementor-element-a56566b\" data-id=\"a56566b\" data-element_type=\"column\">\n\t\t\t<div class=\"elementor-widget-wrap elementor-element-populated\">\n\t\t\t\t\t\t\t\t<div class=\"elementor-element elementor-element-e27f935 pt-animation-medium-offset elementor-invisible elementor-widget elementor-widget-google_maps\" data-id=\"e27f935\" data-element_type=\"widget\" data-settings=\"{&quot;_animation&quot;:&quot;fadeInUp&quot;,&quot;_animation_delay&quot;:200}\" data-widget_type=\"google_maps.default\">\n\t\t\t\t<div class=\"elementor-widget-container\">\n\t\t\t<style>\/*! elementor - v3.16.0 - 20-09-2023 *\/\n.elementor-widget-google_maps .elementor-widget-container{overflow:hidden}.elementor-widget-google_maps .elementor-custom-embed{line-height:0}.elementor-widget-google_maps iframe{height:300px}<\/style>\t\t<div class=\"elementor-custom-embed\">\n\t\t\t<iframe loading=\"lazy\"\n\t\t\t\t\tsrc=\"https:\/\/maps.google.com\/maps?q=Casa%20Jacinto%2C%20palma&#038;t=m&#038;z=10&#038;output=embed&#038;iwloc=near\"\n\t\t\t\t\ttitle=\"Casa Jacinto, palma\"\n\t\t\t\t\taria-label=\"Casa Jacinto, palma\"\n\t\t\t><\/iframe>\n\t\t<\/div>\n\t\t\t\t<\/div>\n\t\t\t\t<\/div>\n\t\t\t\t\t<\/div>\n\t\t<\/div>\n\t\t\t\t<div class=\"elementor-column elementor-col-50 elementor-top-column elementor-element elementor-element-031301f\" data-id=\"031301f\" data-element_type=\"column\">\n\t\t\t<div class=\"elementor-widget-wrap elementor-element-populated\">\n\t\t\t\t\t\t\t\t<div class=\"elementor-element elementor-element-f196bfe elementor-hidden-desktop elementor-hidden-tablet elementor-hidden-mobile elementor-widget elementor-widget-pt_title\" data-id=\"f196bfe\" data-element_type=\"widget\" data-widget_type=\"pt_title.default\">\n\t\t\t\t<div class=\"elementor-widget-container\">\n\t\t\t\n        <div class=\"pt-title-wrap\">\t            <div class=\"pt-subtitle-wrap\"><span class=\"pt-subtitle\">contact us<\/span><\/div>\t            <h3 class=\"pt-title\">\n\t                contact\t            <\/h3>        <\/div>\t\t<\/div>\n\t\t\t\t<\/div>\n\t\t\t\t<div class=\"elementor-element elementor-element-0098a8b elementor-hidden-desktop elementor-hidden-tablet elementor-hidden-mobile elementor-widget elementor-widget-pt_form_cf7\" data-id=\"0098a8b\" data-element_type=\"widget\" data-widget_type=\"pt_form_cf7.default\">\n\t\t\t\t<div class=\"elementor-widget-container\">\n\t\t\t            <div class=\"pt-form-cf7 placeholder-normal\">\n                <div class=\"pt-form-cf7-wrap\">\n<div class=\"wpcf7 no-js\" id=\"wpcf7-f2207-o1\" lang=\"en-US\" dir=\"ltr\">\n<div class=\"screen-reader-response\"><p role=\"status\" aria-live=\"polite\" aria-atomic=\"true\"><\/p> <ul><\/ul><\/div>\n<form action=\"\/en\/wp-json\/wp\/v2\/pages\/2003#wpcf7-f2207-o1\" method=\"post\" class=\"wpcf7-form init\" aria-label=\"Contact form\" novalidate=\"novalidate\" data-status=\"init\">\n<div style=\"display: none;\">\n<input type=\"hidden\" name=\"_wpcf7\" value=\"2207\" \/>\n<input type=\"hidden\" name=\"_wpcf7_version\" value=\"5.8.1\" \/>\n<input type=\"hidden\" name=\"_wpcf7_locale\" value=\"en_US\" \/>\n<input type=\"hidden\" name=\"_wpcf7_unit_tag\" value=\"wpcf7-f2207-o1\" \/>\n<input type=\"hidden\" name=\"_wpcf7_container_post\" value=\"0\" \/>\n<input type=\"hidden\" name=\"_wpcf7_posted_data_hash\" value=\"\" \/>\n<\/div>\n<p><label> Name and surname<br \/>\n<span class=\"wpcf7-form-control-wrap\" data-name=\"your-name\"><input size=\"40\" class=\"wpcf7-form-control wpcf7-text wpcf7-validates-as-required\" aria-required=\"true\" aria-invalid=\"false\" value=\"\" type=\"text\" name=\"your-name\" \/><\/span> <\/label>\n<\/p>\n<p><label>Phone<br \/>\n<span class=\"wpcf7-form-control-wrap\" data-name=\"tel-741\"><input size=\"40\" class=\"wpcf7-form-control wpcf7-tel wpcf7-validates-as-required wpcf7-text wpcf7-validates-as-tel\" aria-required=\"true\" aria-invalid=\"false\" value=\"\" type=\"tel\" name=\"tel-741\" \/><\/span><\/label><br \/>\n<span id=\"wpcf7-69e173ea9b30a-wrapper\" class=\"wpcf7-form-control-wrap adress-wrap\" style=\"display:none !important; visibility:hidden !important;\"><label for=\"wpcf7-69e173ea9b30a-field\" class=\"hp-message\">Please leave this field empty.<\/label><input id=\"wpcf7-69e173ea9b30a-field\"  class=\"wpcf7-form-control wpcf7-text\" type=\"text\" name=\"adress\" value=\"\" size=\"40\" tabindex=\"-1\" autocomplete=\"new-password\" \/><\/span><br \/>\n<label> E-mail<br \/>\n<span class=\"wpcf7-form-control-wrap\" data-name=\"your-email\"><input size=\"40\" class=\"wpcf7-form-control wpcf7-email wpcf7-validates-as-required wpcf7-text wpcf7-validates-as-email\" autocomplete=\"email\" aria-required=\"true\" aria-invalid=\"false\" value=\"\" type=\"email\" name=\"your-email\" \/><\/span> <\/label>\n<\/p>\n<p><label> Message<br \/>\n<span class=\"wpcf7-form-control-wrap\" data-name=\"your-message\"><textarea cols=\"40\" rows=\"10\" class=\"wpcf7-form-control wpcf7-textarea\" aria-invalid=\"false\" name=\"your-message\"><\/textarea><\/span> <\/label><br \/>\nEnter the following code <input type=\"hidden\" name=\"_wpcf7_captcha_challenge_captcha-1\" value=\"3197864097\" \/><img decoding=\"async\" class=\"wpcf7-form-control wpcf7-captchac wpcf7-captcha-captcha-1\" width=\"72\" height=\"24\" alt=\"captcha\" src=\"https:\/\/casajacinto.es\/wp-content\/uploads\/wpcf7_captcha\/3197864097.png\" \/><span class=\"wpcf7-form-control-wrap\" data-name=\"captcha-1\"><input size=\"40\" class=\"wpcf7-form-control wpcf7-captchar\" autocomplete=\"off\" aria-invalid=\"false\" value=\"\" type=\"text\" name=\"captcha-1\" \/><\/span>\n<\/p>\n<p><span class=\"wpcf7-form-control-wrap\" data-name=\"acceptance-532\"><span class=\"wpcf7-form-control wpcf7-acceptance\"><span class=\"wpcf7-list-item\"><label><input type=\"checkbox\" name=\"acceptance-532\" value=\"1\" aria-invalid=\"false\" \/><span class=\"wpcf7-list-item-label\">I have read and I accept the <a href=\"https:\/\/casajacinto.es\/politica-cookies-privacidad\/\">privacy policy<\/a><\/span><\/label><\/span><\/span><\/span>\n<\/p>\n<p><input class=\"wpcf7-form-control wpcf7-submit has-spinner\" type=\"submit\" value=\"Submit\" \/>\n<\/p><div class=\"wpcf7-response-output\" aria-hidden=\"true\"><\/div>\n<\/form>\n<\/div>\n<\/div>\n            <\/div>\t\t<\/div>\n\t\t\t\t<\/div>\n\t\t\t\t\t<\/div>\n\t\t<\/div>\n\t\t\t\t\t\t\t<\/div>\n\t\t<\/section>\n\t\t\t\t\t\t\t<\/div>\n\t\t","protected":false},"excerpt":{"rendered":"<p>Contact Address Cam\u00ed Tramvia 37, 07015 (G\u00e8nova)Palma de Mallorca. Illes Balears. Information and reservations (+34) 971401858 SCHEDULE Monday to Sunday from 13:00h to 17:00h and from 19:00h to 00:00hClosed on Wednesdays contact us contact Nombre y apellidos Tel\u00e9fono Por favor, deja este campo vac\u00edo. E-mail Mensaje Introduce el siguiente c\u00f3digo He le\u00eddo y acepto la &#8230;<\/p>\n","protected":false},"author":1,"featured_media":0,"parent":0,"menu_order":0,"comment_status":"closed","ping_status":"closed","template":"","meta":{"patiotime_single_page_hide_site_header":"","patiotime_single_page_site_header_source":"","patiotime_single_page_custom_site_header":"0","patiotime_single_page_custom_sticky_site_header":"0","patiotime_single_page_hide_page_title":"","patiotime_single_page_header_section_size":"","patiotime_single_page_header_background_color":"","patiotime_single_page_header_background_position_x":"center","patiotime_single_page_header_background_position_y":"center","patiotime_single_page_header_background_size":"cover","patiotime_single_page_header_background_repeat":"off","patiotime_single_page_header_background_scroll":"on","patiotime_single_page_header_text_color":"","patiotime_single_page_header_show_breadcrumb":"","patiotime_single_page_site_footer_hide_main":"","patiotime_single_custom_site_footer_main_source":"","patiotime_single_custom_site_footer_main":"0","patiotime_single_page_site_footer_hide_above":"","patiotime_single_custom_site_footer_above_source":"","patiotime_single_custom_site_footer_above":"0","patiotime_single_page_site_footer_hide_instagram":"","patiotime_single_page_site_footer_hide_bottom":"","patiotime_single_custom_mobile_menu_source":"","patiotime_single_custom_mobile_menu":"0","patiotime_single_custom_mobile_menu_animation":"","patiotime_single_custom_mobile_menu_width":"","patiotime_single_custom_mobile_menu_custom_width":375,"footnotes":""},"class_list":["post-2003","page","type-page","status-publish","hentry"],"yoast_head":"<!-- This site is optimized with the Yoast SEO plugin v21.3 - https:\/\/yoast.com\/wordpress\/plugins\/seo\/ -->\n<title>Contact - Casa Jacinto<\/title>\n<meta name=\"robots\" content=\"index, follow, max-snippet:-1, max-image-preview:large, max-video-preview:-1\" \/>\n<link rel=\"canonical\" href=\"https:\/\/casajacinto.es\/en\/contact\/\" \/>\n<meta property=\"og:locale\" content=\"en_US\" \/>\n<meta property=\"og:type\" content=\"article\" \/>\n<meta property=\"og:title\" content=\"Contact - Casa Jacinto\" \/>\n<meta property=\"og:description\" content=\"Contact Address Cam\u00ed Tramvia 37, 07015 (G\u00e8nova)Palma de Mallorca. Illes Balears. Information and reservations (+34) 971401858 SCHEDULE Monday to Sunday from 13:00h to 17:00h and from 19:00h to 00:00hClosed on Wednesdays contact us contact Nombre y apellidos Tel\u00e9fono Por favor, deja este campo vac\u00edo. E-mail Mensaje Introduce el siguiente c\u00f3digo He le\u00eddo y acepto la ...\" \/>\n<meta property=\"og:url\" content=\"https:\/\/casajacinto.es\/en\/contact\/\" \/>\n<meta property=\"og:site_name\" content=\"Casa Jacinto\" \/>\n<meta property=\"article:modified_time\" content=\"2024-10-18T14:45:44+00:00\" \/>\n<meta property=\"og:image\" content=\"https:\/\/casajacinto.es\/wp-content\/uploads\/wpcf7_captcha\/332548905.png\" \/>\n<meta name=\"twitter:card\" content=\"summary_large_image\" \/>\n<meta name=\"twitter:label1\" content=\"Est. reading time\" \/>\n\t<meta name=\"twitter:data1\" content=\"1 minute\" \/>\n<script type=\"application\/ld+json\" class=\"yoast-schema-graph\">{\"@context\":\"https:\/\/schema.org\",\"@graph\":[{\"@type\":\"WebPage\",\"@id\":\"https:\/\/casajacinto.es\/en\/contact\/\",\"url\":\"https:\/\/casajacinto.es\/en\/contact\/\",\"name\":\"Contact - Casa Jacinto\",\"isPartOf\":{\"@id\":\"https:\/\/casajacinto.es\/en\/#website\"},\"datePublished\":\"2022-07-21T03:55:02+00:00\",\"dateModified\":\"2024-10-18T14:45:44+00:00\",\"breadcrumb\":{\"@id\":\"https:\/\/casajacinto.es\/en\/contact\/#breadcrumb\"},\"inLanguage\":\"en-US\",\"potentialAction\":[{\"@type\":\"ReadAction\",\"target\":[\"https:\/\/casajacinto.es\/en\/contact\/\"]}]},{\"@type\":\"BreadcrumbList\",\"@id\":\"https:\/\/casajacinto.es\/en\/contact\/#breadcrumb\",\"itemListElement\":[{\"@type\":\"ListItem\",\"position\":1,\"name\":\"Home\",\"item\":\"https:\/\/casajacinto.es\/en\/\"},{\"@type\":\"ListItem\",\"position\":2,\"name\":\"Contact\"}]},{\"@type\":\"WebSite\",\"@id\":\"https:\/\/casajacinto.es\/en\/#website\",\"url\":\"https:\/\/casajacinto.es\/en\/\",\"name\":\"Casa Jacinto\",\"description\":\"\",\"publisher\":{\"@id\":\"https:\/\/casajacinto.es\/en\/#organization\"},\"potentialAction\":[{\"@type\":\"SearchAction\",\"target\":{\"@type\":\"EntryPoint\",\"urlTemplate\":\"https:\/\/casajacinto.es\/en\/?s={search_term_string}\"},\"query-input\":\"required name=search_term_string\"}],\"inLanguage\":\"en-US\"},{\"@type\":\"Organization\",\"@id\":\"https:\/\/casajacinto.es\/en\/#organization\",\"name\":\"Casa Jacinto\",\"url\":\"https:\/\/casajacinto.es\/en\/\",\"logo\":{\"@type\":\"ImageObject\",\"inLanguage\":\"en-US\",\"@id\":\"https:\/\/casajacinto.es\/en\/#\/schema\/logo\/image\/\",\"url\":\"https:\/\/casajacinto.es\/wp-content\/uploads\/2023\/05\/logo-casa-jacinto-pie-hd-fullhdEditado.png\",\"contentUrl\":\"https:\/\/casajacinto.es\/wp-content\/uploads\/2023\/05\/logo-casa-jacinto-pie-hd-fullhdEditado.png\",\"width\":53,\"height\":66,\"caption\":\"Casa Jacinto\"},\"image\":{\"@id\":\"https:\/\/casajacinto.es\/en\/#\/schema\/logo\/image\/\"}}]}<\/script>\n<!-- \/ Yoast SEO plugin. -->","yoast_head_json":{"title":"Contact - Casa Jacinto","robots":{"index":"index","follow":"follow","max-snippet":"max-snippet:-1","max-image-preview":"max-image-preview:large","max-video-preview":"max-video-preview:-1"},"canonical":"https:\/\/casajacinto.es\/en\/contact\/","og_locale":"en_US","og_type":"article","og_title":"Contact - Casa Jacinto","og_description":"Contact Address Cam\u00ed Tramvia 37, 07015 (G\u00e8nova)Palma de Mallorca. Illes Balears. Information and reservations (+34) 971401858 SCHEDULE Monday to Sunday from 13:00h to 17:00h and from 19:00h to 00:00hClosed on Wednesdays contact us contact Nombre y apellidos Tel\u00e9fono Por favor, deja este campo vac\u00edo. E-mail Mensaje Introduce el siguiente c\u00f3digo He le\u00eddo y acepto la ...","og_url":"https:\/\/casajacinto.es\/en\/contact\/","og_site_name":"Casa Jacinto","article_modified_time":"2024-10-18T14:45:44+00:00","og_image":[{"url":"https:\/\/casajacinto.es\/wp-content\/uploads\/wpcf7_captcha\/332548905.png"}],"twitter_card":"summary_large_image","twitter_misc":{"Est. reading time":"1 minute"},"schema":{"@context":"https:\/\/schema.org","@graph":[{"@type":"WebPage","@id":"https:\/\/casajacinto.es\/en\/contact\/","url":"https:\/\/casajacinto.es\/en\/contact\/","name":"Contact - Casa Jacinto","isPartOf":{"@id":"https:\/\/casajacinto.es\/en\/#website"},"datePublished":"2022-07-21T03:55:02+00:00","dateModified":"2024-10-18T14:45:44+00:00","breadcrumb":{"@id":"https:\/\/casajacinto.es\/en\/contact\/#breadcrumb"},"inLanguage":"en-US","potentialAction":[{"@type":"ReadAction","target":["https:\/\/casajacinto.es\/en\/contact\/"]}]},{"@type":"BreadcrumbList","@id":"https:\/\/casajacinto.es\/en\/contact\/#breadcrumb","itemListElement":[{"@type":"ListItem","position":1,"name":"Home","item":"https:\/\/casajacinto.es\/en\/"},{"@type":"ListItem","position":2,"name":"Contact"}]},{"@type":"WebSite","@id":"https:\/\/casajacinto.es\/en\/#website","url":"https:\/\/casajacinto.es\/en\/","name":"Casa Jacinto","description":"","publisher":{"@id":"https:\/\/casajacinto.es\/en\/#organization"},"potentialAction":[{"@type":"SearchAction","target":{"@type":"EntryPoint","urlTemplate":"https:\/\/casajacinto.es\/en\/?s={search_term_string}"},"query-input":"required name=search_term_string"}],"inLanguage":"en-US"},{"@type":"Organization","@id":"https:\/\/casajacinto.es\/en\/#organization","name":"Casa Jacinto","url":"https:\/\/casajacinto.es\/en\/","logo":{"@type":"ImageObject","inLanguage":"en-US","@id":"https:\/\/casajacinto.es\/en\/#\/schema\/logo\/image\/","url":"https:\/\/casajacinto.es\/wp-content\/uploads\/2023\/05\/logo-casa-jacinto-pie-hd-fullhdEditado.png","contentUrl":"https:\/\/casajacinto.es\/wp-content\/uploads\/2023\/05\/logo-casa-jacinto-pie-hd-fullhdEditado.png","width":53,"height":66,"caption":"Casa Jacinto"},"image":{"@id":"https:\/\/casajacinto.es\/en\/#\/schema\/logo\/image\/"}}]}},"_links":{"self":[{"href":"https:\/\/casajacinto.es\/en\/wp-json\/wp\/v2\/pages\/2003","targetHints":{"allow":["GET"]}}],"collection":[{"href":"https:\/\/casajacinto.es\/en\/wp-json\/wp\/v2\/pages"}],"about":[{"href":"https:\/\/casajacinto.es\/en\/wp-json\/wp\/v2\/types\/page"}],"author":[{"embeddable":true,"href":"https:\/\/casajacinto.es\/en\/wp-json\/wp\/v2\/users\/1"}],"replies":[{"embeddable":true,"href":"https:\/\/casajacinto.es\/en\/wp-json\/wp\/v2\/comments?post=2003"}],"version-history":[{"count":31,"href":"https:\/\/casajacinto.es\/en\/wp-json\/wp\/v2\/pages\/2003\/revisions"}],"predecessor-version":[{"id":2915,"href":"https:\/\/casajacinto.es\/en\/wp-json\/wp\/v2\/pages\/2003\/revisions\/2915"}],"wp:attachment":[{"href":"https:\/\/casajacinto.es\/en\/wp-json\/wp\/v2\/media?parent=2003"}],"curies":[{"name":"wp","href":"https:\/\/api.w.org\/{rel}","templated":true}]}}